{"id":11,"date":"2018-02-02T09:07:18","date_gmt":"2018-02-02T09:07:18","guid":{"rendered":"http:\/\/web.praxis-halama.de\/?page_id=11"},"modified":"2026-04-28T14:30:00","modified_gmt":"2026-04-28T13:30:00","slug":"impressum","status":"publish","type":"page","link":"http:\/\/web.praxis-halama.de\/?page_id=11","title":{"rendered":"Impressum"},"content":{"rendered":"<p>Ralph Halama<br \/>\nInternistische Praxis<br \/>\nCosimastr. 4<br \/>\n81927 M\u00fcnchen<\/p>\n<h2>Kontakt<\/h2>\n<p>Telefon: 08993933093<br \/>\nTelefax: 08993933092<br \/>\nE-Mail: <a href=\"mailto:info@praxis-halama.de\">info@praxis-halama.de<\/a><\/p>\n<h2>Aufsichtsbeh\u00f6rde<\/h2>\n<p>Kassen\u00e4rztliche Vereinigung Bayerns<br \/>\nElsenheimerstra\u00dfe 39<br \/>\n80687 M\u00fcnchen<br \/>\nBezirksstelle M\u00fcnchen Stadt und Land<br \/>\nTel.: 089-57 09 30<br \/>\nKV-Nummer: 63\/19450<\/p>\n<p><a href=\"http:\/\/kvb.de\" target=\"_blank\" rel=\"noopener noreferrer\">http:\/\/kvb.de<\/a><\/p>\n<h2>Berufsbezeichnung und berufsrechtliche Regelungen<\/h2>\n<p>Berufsbezeichnung:<br \/>\nFacharzt f\u00fcr Innere Medizin<\/p>\n<p>Zust\u00e4ndige Kammer:<br \/>\nBayerische Landes\u00e4rztekammer<br \/>\nK\u00f6rperschaft des \u00f6ffentlichen Rechts<br \/>\nM\u00fchlbaurstra\u00dfe 16<br \/>\n81677 M\u00fcnchen<br \/>\nTel.: 089-41 470<br \/>\nInternet: <a href=\"http:\/\/www.blaek.de\">www.blaek.de<\/a><\/p>\n<p>Verliehen in:<br \/>\nBayern<\/p>\n<p>Es gelten folgende berufsrechtliche Regelungen:<\/p>\n<p>Die Verleihung der gesetzlichen Berufsbezeichnung \u201eArzt\u201c erfolgte in Deutschland durch das<br \/>\nBayerische Staatsministerium des Inneren.<\/p>\n<p>Die Berufsordnung der Bayerischen Landes\u00e4rztekammer ist nachzulesen auf deren Homepage.<\/p>\n<p>Das Heilberufegesetz des Landes Bayern findet sich im Gesetzesblatt des Landes Bayern.<\/p>\n<h2>Angaben zur Berufs\u00adhaftpflicht\u00adversicherung<\/h2>\n<p><strong>Name und Sitz des Versicherers:<\/strong><br \/>\nJanitos<br \/>\nPostfach 104169<br \/>\n69031 Heidelberg<\/p>\n<p><strong>Geltungsraum der Versicherung:<\/strong><br \/>\nDeutschland<\/p>\n<h2>Redaktionell verantwortlich<\/h2>\n<p>Ralph Halama<\/p>\n<h2>Verbraucher\u00adstreit\u00adbeilegung\/Universal\u00adschlichtungs\u00adstelle<\/h2>\n<p>Wir sind nicht bereit oder verpflichtet, an Streitbeilegungsverfahren vor einer Verbraucherschlichtungsstelle teilzunehmen.<\/p>\n<p>Quelle: <a href=\"https:\/\/www.e-recht24.de\/impressum-generator.html\">https:\/\/www.e-recht24.de\/impressum-generator.html<\/a><\/p>\n","protected":false},"excerpt":{"rendered":"<p>Ralph Halama Internistische Praxis Cosimastr. 4 81927 M\u00fcnchen Kontakt Telefon: 08993933093 Telefax: 08993933092 E-Mail: info@praxis-halama.de Aufsichtsbeh\u00f6rde Kassen\u00e4rztliche Vereinigung Bayerns Elsenheimerstra\u00dfe 39 80687 M\u00fcnchen Bezirksstelle M\u00fcnchen Stadt und Land Tel.: 089-57 09 30 KV-Nummer: 63\/19450 http:\/\/kvb.de Berufsbezeichnung und berufsrechtliche Regelungen Berufsbezeichnung: Facharzt f\u00fcr Innere Medizin Zust\u00e4ndige Kammer: Bayerische Landes\u00e4rztekammer K\u00f6rperschaft des \u00f6ffentlichen Rechts M\u00fchlbaurstra\u00dfe 16 81677 M\u00fcnchen Tel.: 089-41 470 Internet: www.blaek.de Verliehen in: Bayern Es gelten folgende berufsrechtliche Regelungen: Die Verleihung der gesetzlichen Berufsbezeichnung \u201eArzt\u201c erfolgte in Deutschland durch das&#8230;<\/p>\n<p class=\"read-more\"><a class=\"btn btn-default\" href=\"http:\/\/web.praxis-halama.de\/?page_id=11\">Weiterlesen<span class=\"screen-reader-text\"> Weiterlesen<\/span><\/a><\/p>\n","protected":false},"author":1,"featured_media":0,"parent":0,"menu_order":0,"comment_status":"closed","ping_status":"closed","template":"","meta":{"footnotes":""},"class_list":["post-11","page","type-page","status-publish","hentry"],"_links":{"self":[{"href":"http:\/\/web.praxis-halama.de\/index.php?rest_route=\/wp\/v2\/pages\/11","targetHints":{"allow":["GET"]}}],"collection":[{"href":"http:\/\/web.praxis-halama.de\/index.php?rest_route=\/wp\/v2\/pages"}],"about":[{"href":"http:\/\/web.praxis-halama.de\/index.php?rest_route=\/wp\/v2\/types\/page"}],"author":[{"embeddable":true,"href":"http:\/\/web.praxis-halama.de\/index.php?rest_route=\/wp\/v2\/users\/1"}],"replies":[{"embeddable":true,"href":"http:\/\/web.praxis-halama.de\/index.php?rest_route=%2Fwp%2Fv2%2Fcomments&post=11"}],"version-history":[{"count":23,"href":"http:\/\/web.praxis-halama.de\/index.php?rest_route=\/wp\/v2\/pages\/11\/revisions"}],"predecessor-version":[{"id":358,"href":"http:\/\/web.praxis-halama.de\/index.php?rest_route=\/wp\/v2\/pages\/11\/revisions\/358"}],"wp:attachment":[{"href":"http:\/\/web.praxis-halama.de\/index.php?rest_route=%2Fwp%2Fv2%2Fmedia&parent=11"}],"curies":[{"name":"wp","href":"https:\/\/api.w.org\/{rel}","templated":true}]}}