{"id":13,"date":"2018-02-02T09:07:18","date_gmt":"2018-02-02T09:07:18","guid":{"rendered":"http:\/\/web.praxis-halama.de\/?page_id=13"},"modified":"2018-03-23T17:21:37","modified_gmt":"2018-03-23T16:21:37","slug":"homoeopathie","status":"publish","type":"page","link":"http:\/\/web.praxis-halama.de\/?page_id=13","title":{"rendered":"Klassische Hom\u00f6opathie"},"content":{"rendered":"<p><img loading=\"lazy\" class=\"alignnone wp-image-233 aligncenter\" src=\"http:\/\/web.praxis-halama.de\/wp-content\/uploads\/2018\/02\/soap-bubble-1985583_1920-300x200.jpg\" alt=\"\" width=\"338\" height=\"225\" srcset=\"http:\/\/web.praxis-halama.de\/wp-content\/uploads\/2018\/02\/soap-bubble-1985583_1920-300x200.jpg 300w, http:\/\/web.praxis-halama.de\/wp-content\/uploads\/2018\/02\/soap-bubble-1985583_1920-768x512.jpg 768w, http:\/\/web.praxis-halama.de\/wp-content\/uploads\/2018\/02\/soap-bubble-1985583_1920-1024x683.jpg 1024w, http:\/\/web.praxis-halama.de\/wp-content\/uploads\/2018\/02\/soap-bubble-1985583_1920-405x270.jpg 405w, http:\/\/web.praxis-halama.de\/wp-content\/uploads\/2018\/02\/soap-bubble-1985583_1920.jpg 1920w\" sizes=\"(max-width: 338px) 100vw, 338px\" \/><\/p>\n<p align=\"LEFT\">Die Klassische Hom\u00f6opathie geht auf Dr. Samuel Hahnemann zur\u00fcck, einen Arzt des 18. Jahrhunderts. Sein neuer therapeutischer Ansatz folgte der \u00c4hnlichkeitsregel \u201eSimilia similibus curentur\u201c: \u00c4hnliches m\u00f6ge durch \u00c4hnliches geheilt werden. Als Hom\u00f6opath ist es meine Aufgabe, f\u00fcr Sie das Arzneimittelbild zu finden, welches Ihrem Krankheitsbild am ehesten entspricht.<\/p>\n<p align=\"LEFT\">In der sogenannten Potenzierung werden die Substanzen, die hom\u00f6opathischen Arzneien zugrunde liegen, verd\u00fcnnt, verrieben oder versch\u00fcttelt. Als Medikamente kommen danach Globuli, Tropfen, Ampullen oder Tabletten zum Einsatz.<\/p>\n<p align=\"LEFT\">Die Einzelmittelhom\u00f6opathie ist hochinteressant und manches Mal \u00fcberraschend effektiv, auch wenn es nach naturwissenschaftlichem Verst\u00e4ndnis keinen Beweis f\u00fcr ihre Wirksamkeit gibt. Doch wer als Patient eine Besserung oder Heilung erlebt hat, m\u00f6chte die hom\u00f6opathische Behandlung nicht mehr missen.<\/p>\n","protected":false},"excerpt":{"rendered":"<p>Die Klassische Hom\u00f6opathie geht auf Dr. Samuel Hahnemann zur\u00fcck, einen Arzt des 18. Jahrhunderts. Sein neuer therapeutischer Ansatz folgte der \u00c4hnlichkeitsregel \u201eSimilia similibus curentur\u201c: \u00c4hnliches m\u00f6ge durch \u00c4hnliches geheilt werden. Als Hom\u00f6opath ist es meine Aufgabe, f\u00fcr Sie das Arzneimittelbild zu finden, welches Ihrem Krankheitsbild am ehesten entspricht. In der sogenannten Potenzierung werden die Substanzen, die hom\u00f6opathischen Arzneien zugrunde liegen, verd\u00fcnnt, verrieben oder versch\u00fcttelt. Als Medikamente kommen danach Globuli, Tropfen, Ampullen oder Tabletten zum Einsatz. Die Einzelmittelhom\u00f6opathie ist hochinteressant und&#8230;<\/p>\n<p class=\"read-more\"><a class=\"btn btn-default\" href=\"http:\/\/web.praxis-halama.de\/?page_id=13\">Weiterlesen<span class=\"screen-reader-text\"> Weiterlesen<\/span><\/a><\/p>\n","protected":false},"author":1,"featured_media":0,"parent":0,"menu_order":0,"comment_status":"closed","ping_status":"closed","template":"","meta":[],"_links":{"self":[{"href":"http:\/\/web.praxis-halama.de\/index.php?rest_route=\/wp\/v2\/pages\/13"}],"collection":[{"href":"http:\/\/web.praxis-halama.de\/index.php?rest_route=\/wp\/v2\/pages"}],"about":[{"href":"http:\/\/web.praxis-halama.de\/index.php?rest_route=\/wp\/v2\/types\/page"}],"author":[{"embeddable":true,"href":"http:\/\/web.praxis-halama.de\/index.php?rest_route=\/wp\/v2\/users\/1"}],"replies":[{"embeddable":true,"href":"http:\/\/web.praxis-halama.de\/index.php?rest_route=%2Fwp%2Fv2%2Fcomments&post=13"}],"version-history":[{"count":16,"href":"http:\/\/web.praxis-halama.de\/index.php?rest_route=\/wp\/v2\/pages\/13\/revisions"}],"predecessor-version":[{"id":133,"href":"http:\/\/web.praxis-halama.de\/index.php?rest_route=\/wp\/v2\/pages\/13\/revisions\/133"}],"wp:attachment":[{"href":"http:\/\/web.praxis-halama.de\/index.php?rest_route=%2Fwp%2Fv2%2Fmedia&parent=13"}],"curies":[{"name":"wp","href":"https:\/\/api.w.org\/{rel}","templated":true}]}}